{"id":1711,"date":"2021-12-13T08:57:39","date_gmt":"2021-12-13T08:57:39","guid":{"rendered":"https:\/\/kadence.pixel-show.com\/wooden-craft\/?page_id=15"},"modified":"2023-03-24T19:24:39","modified_gmt":"2023-03-24T19:24:39","slug":"contact","status":"publish","type":"page","link":"http:\/\/gestarim.com\/index.php\/contact\/","title":{"rendered":"Contact"},"content":{"rendered":"<style id=\"kb-rowlayout_d7db16-05\">#kt-layout-id_d7db16-05 > .kt-row-column-wrap.kb-theme-content-width{max-width:1290px;}.kt-layout-id_d7db16-05 > .kb-theme-content-width{padding-left:var(--global-content-edge-padding);padding-right:var(--global-content-edge-padding);}#kt-layout-id_d7db16-05{background-image:url('http:\/\/gestarim.com\/wp-content\/uploads\/2023\/03\/360_F_273608614_a5a5WP7QfxwSLbnC6O5fHYSJhI5hFlcf.jpg');background-size:cover;background-position:center center;background-attachment:scroll;background-repeat:no-repeat;}#kt-layout-id_d7db16-05 > .kt-row-column-wrap{padding-top:320px;padding-bottom:140px;padding-left:20px;padding-right:20px;}#kt-layout-id_d7db16-05 > .kt-row-layout-overlay{opacity:0.55;background-color:var(--global-palette3, #1A202C);mix-blend-mode:normal;}<\/style>\r\n<div class=\"wp-block-kadence-rowlayout alignnone\"><div id=\"kt-layout-id_d7db16-05\" class=\"kt-row-layout-inner kt-row-has-bg kt-layout-id_d7db16-05\"><div class=\"kt-row-layout-overlay kt-row-overlay-normal\"><\/div><div class=\"kt-row-column-wrap kt-has-1-columns kt-gutter-default kt-v-gutter-default kt-row-valign-top kt-row-layout-equal kt-tab-layout-inherit kt-m-colapse-left-to-right kt-mobile-layout-row kb-theme-content-width\">\r\n<div class=\"wp-block-kadence-column inner-column-1 kadence-column_0dfb83-ef\"><div class=\"kt-inside-inner-col\"><style id=\"kb-spacer_cfdd51-43\">.wp-block-kadence-spacer.kt-block-spacer-_cfdd51-43 .kt-block-spacer{height:6px;}.wp-block-kadence-spacer.kt-block-spacer-_cfdd51-43 .kt-divider{border-top-color:var(--global-palette2, #2B6CB0);width:10%;}<\/style>\r\n<div class=\"wp-block-kadence-spacer aligncenter kt-block-spacer-_cfdd51-43\"><div class=\"kt-block-spacer kt-block-spacer-halign-center\" style=\"height:6px\"><hr class=\"kt-divider\" style=\"border-top-color:var(--global-palette2);border-top-width:1px;width:10%;border-top-style:solid\"\/><\/div><\/div>\r\n\r\n\r\n<style id=\"kb-advancedheading_edb2b6-68\">#kt-adv-heading_edb2b6-68, #kt-adv-heading_edb2b6-68 .wp-block-kadence-advancedheading, .wp-block-kadence-advancedheading.kt-adv-heading_edb2b6-68[data-kb-block=\"kb-adv-heading_edb2b6-68\"], .kadence-advanced-heading-wrapper .kt-adv-heading_edb2b6-68[data-kb-block=\"kb-adv-heading_edb2b6-68\"]{text-align:center;margin-top:0px;}<\/style>\r\n<h2 class=\"kt-adv-heading_edb2b6-68 wp-block-kadence-advancedheading has-theme-palette-9-color has-text-color\" data-kb-block=\"kb-adv-heading_edb2b6-68\">Contact Us<\/h2>\r\n\r\n\r\n<style id=\"kb-advancedheading_c31440-93\">#kt-adv-heading_c31440-93, #kt-adv-heading_c31440-93 .wp-block-kadence-advancedheading, .wp-block-kadence-advancedheading.kt-adv-heading_c31440-93[data-kb-block=\"kb-adv-heading_c31440-93\"], .kadence-advanced-heading-wrapper .kt-adv-heading_c31440-93[data-kb-block=\"kb-adv-heading_c31440-93\"]{text-align:center;}<\/style>\r\n<p class=\"kt-adv-heading_c31440-93 wp-block-kadence-advancedheading has-theme-palette-9-color has-text-color\" data-kb-block=\"kb-adv-heading_c31440-93\">You can reach us at the contact information below.<\/p>\r\n<\/div><\/div>\r\n<\/div><\/div><\/div>\r\n\r\n\r\n<style id=\"kb-rowlayout_c0baa9-4f\">#kt-layout-id_c0baa9-4f > .kt-row-column-wrap.kb-theme-content-width{max-width:1290px;}.kt-layout-id_c0baa9-4f > .kb-theme-content-width{padding-left:var(--global-content-edge-padding);padding-right:var(--global-content-edge-padding);}#kt-layout-id_c0baa9-4f > .kt-row-column-wrap{padding-top:80px;padding-bottom:50px;}#kt-layout-id_c0baa9-4f > .kt-row-layout-overlay{opacity:1;}@media all and (max-width: 767px){#kt-layout-id_c0baa9-4f > .kt-row-column-wrap{padding-top:0px;padding-bottom:0px;padding-left:0px;padding-right:0px;}}#kt-layout-id_c0baa9-4f .img-style {\\noverflow: hidden;\\n}<\/style>\r\n<div class=\"wp-block-kadence-rowlayout alignnone\"><div id=\"kt-layout-id_c0baa9-4f\" class=\"kt-row-layout-inner kt-row-has-bg kt-layout-id_c0baa9-4f has-theme-palette-9-background-color\"><div class=\"kt-row-column-wrap kt-has-1-columns kt-gutter-default kt-v-gutter-default kt-row-valign-top kt-row-layout-equal kt-tab-layout-inherit kt-m-colapse-left-to-right kt-mobile-layout-row kb-theme-content-width\">\r\n<div class=\"wp-block-kadence-column inner-column-1 kadence-column_556735-d1\"><div class=\"kt-inside-inner-col\"><style id=\"kb-spacer_438883-8c\">.wp-block-kadence-spacer.kt-block-spacer-_438883-8c .kt-block-spacer{height:6px;}.wp-block-kadence-spacer.kt-block-spacer-_438883-8c .kt-divider{border-top-color:var(--global-palette2, #2B6CB0);width:10%;}<\/style>\r\n<div class=\"wp-block-kadence-spacer aligncenter kt-block-spacer-_438883-8c\"><div class=\"kt-block-spacer kt-block-spacer-halign-center\" style=\"height:6px\"><hr class=\"kt-divider\" style=\"border-top-color:var(--global-palette2);border-top-width:1px;width:10%;border-top-style:solid\"\/><\/div><\/div>\r\n\r\n\r\n<style id=\"kb-advancedheading_b527e2-0f\">#kt-adv-heading_b527e2-0f, #kt-adv-heading_b527e2-0f .wp-block-kadence-advancedheading, .wp-block-kadence-advancedheading.kt-adv-heading_b527e2-0f[data-kb-block=\"kb-adv-heading_b527e2-0f\"], .kadence-advanced-heading-wrapper .kt-adv-heading_b527e2-0f[data-kb-block=\"kb-adv-heading_b527e2-0f\"]{text-align:center;margin-top:0px;}<\/style>\r\n<h2 class=\"kt-adv-heading_b527e2-0f wp-block-kadence-advancedheading has-theme-palette-3-color has-text-color\" data-kb-block=\"kb-adv-heading_b527e2-0f\">Have a question? <br>We would love to help!<\/h2><br>\r\n\r\n\r\n<style id=\"kb-rowlayout_97ab5f-af\">#kt-layout-id_97ab5f-af > .kt-row-column-wrap{padding-top:0px;padding-bottom:20px;}<\/style>\r\n<div class=\"wp-block-kadence-rowlayout alignnone\"><div id=\"kt-layout-id_97ab5f-af\" class=\"kt-row-layout-inner kt-layout-id_97ab5f-af\"><div class=\"kt-row-column-wrap kt-has-3-columns kt-gutter-narrow kt-v-gutter-default kt-row-valign-top kt-row-layout-equal kt-tab-layout-inherit kt-m-colapse-left-to-right kt-mobile-layout-row\">\r\n<div class=\"wp-block-kadence-column inner-column-1 kadence-column_1fc69a-23\"><div class=\"kt-inside-inner-col\"><style id=\"kb-infobox_658a04-b4\">#kt-info-box_658a04-b4 .kt-blocks-info-box-link-wrap{border-radius:6px;background:var(--global-palette8, #F7FAFC);padding-top:24px;padding-right:24px;padding-bottom:24px;padding-left:24px;border-top-width:0px;border-right-width:0px;border-bottom-width:0px;border-left-width:0px;}#kt-info-box_658a04-b4 .kt-blocks-info-box-link-wrap:hover{border-color:#eeeeee;background:var(--global-palette8, #F7FAFC);}#kt-info-box_658a04-b4 .kt-info-svg-icon, #kt-info-box_658a04-b4 .kt-info-svg-icon-flip, #kt-info-box_658a04-b4 .kt-blocks-info-box-number{font-size:25px;}#kt-info-box_658a04-b4 .kt-blocks-info-box-media{color:var(--global-palette9, #ffffff);background:var(--global-palette1, #3182CE);border-color:#444444;border-radius:200px;border-top-width:0px;border-right-width:0px;border-bottom-width:0px;border-left-width:0px;padding-top:10px;padding-right:14px;padding-bottom:10px;padding-left:14px;margin-top:0px;margin-right:20px;margin-bottom:0px;margin-left:0px;}#kt-info-box_658a04-b4 .kt-blocks-info-box-media .kadence-info-box-image-intrisic:not(.kb-info-box-image-ratio) img{border-radius:200px;}#kt-info-box_658a04-b4 .kt-blocks-info-box-link-wrap:hover .kt-blocks-info-box-media{color:var(--global-palette9, #ffffff);background:var(--global-palette1, #3182CE);border-color:#eeeeee;}#kt-info-box_658a04-b4 .kt-blocks-info-box-title{color:var(--global-palette3, #1A202C);padding-top:0px;padding-right:0px;padding-bottom:0px;padding-left:0px;margin-top:5px;margin-right:0px;margin-bottom:10px;margin-left:0px;}#kt-info-box_658a04-b4 .kt-blocks-info-box-text{color:var(--global-palette4, #2D3748);}<\/style>\r\n<div id=\"kt-info-box_658a04-b4\" class=\"wp-block-kadence-infobox\"><a class=\"kt-blocks-info-box-link-wrap info-box-link kt-blocks-info-box-media-align-left kt-info-halign-left kb-info-box-vertical-media-align-top\"><div class=\"kt-blocks-info-box-media-container\"><div class=\"kt-blocks-info-box-media kt-info-media-animate-none\"><div class=\"kadence-info-box-icon-container kt-info-icon-animate-none\"><div class=\"kadence-info-box-icon-inner-container\"><span style=\"display:block;justify-content:center;align-items:center\" class=\"kt-info-svg-icon kt-info-svg-icon-fas_money-bill\"><svg xmlns=\"http:\/\/www.w3.org\/2000\/svg\" height=\"24\" width=\"24\" fill=\"currentColor\"><path d=\"M4 20q-.825 0-1.412-.587Q2 18.825 2 18V6q0-.825.588-1.412Q3.175 4 4 4h16q.825 0 1.413.588Q22 5.175 22 6v12q0 .825-.587 1.413Q20.825 20 20 20Zm8-7 8-5V6l-8 5-8-5v2Z\"\/><\/svg><\/span><\/div><\/div><\/div><\/div><div class=\"kt-infobox-textcontent\"><h5 class=\"kt-blocks-info-box-title\">Email Us<\/h5><p class=\"kt-blocks-info-box-text\">gurkan@gestarim.com<br\/>info@gestarim.com<\/p><\/div><\/a><\/div>\r\n<\/div><\/div>\r\n\r\n\r\n\r\n<div class=\"wp-block-kadence-column inner-column-2 kadence-column_b8c1c7-c0\"><div class=\"kt-inside-inner-col\"><style id=\"kb-infobox_eb0a75-b3\">#kt-info-box_eb0a75-b3 .kt-blocks-info-box-link-wrap{border-radius:6px;background:var(--global-palette8, #F7FAFC);padding-top:24px;padding-right:24px;padding-bottom:24px;padding-left:24px;border-top-width:0px;border-right-width:0px;border-bottom-width:0px;border-left-width:0px;}#kt-info-box_eb0a75-b3 .kt-blocks-info-box-link-wrap:hover{border-color:#eeeeee;background:var(--global-palette8, #F7FAFC);}#kt-info-box_eb0a75-b3 .kt-info-svg-icon, #kt-info-box_eb0a75-b3 .kt-info-svg-icon-flip, #kt-info-box_eb0a75-b3 .kt-blocks-info-box-number{font-size:25px;}#kt-info-box_eb0a75-b3 .kt-blocks-info-box-media{color:var(--global-palette9, #ffffff);background:var(--global-palette1, #3182CE);border-color:#444444;border-radius:200px;border-top-width:0px;border-right-width:0px;border-bottom-width:0px;border-left-width:0px;padding-top:10px;padding-right:14px;padding-bottom:10px;padding-left:14px;margin-top:0px;margin-right:20px;margin-bottom:0px;margin-left:0px;}#kt-info-box_eb0a75-b3 .kt-blocks-info-box-media .kadence-info-box-image-intrisic:not(.kb-info-box-image-ratio) img{border-radius:200px;}#kt-info-box_eb0a75-b3 .kt-blocks-info-box-link-wrap:hover .kt-blocks-info-box-media{color:var(--global-palette9, #ffffff);background:var(--global-palette1, #3182CE);border-color:#eeeeee;}#kt-info-box_eb0a75-b3 .kt-blocks-info-box-title{color:var(--global-palette3, #1A202C);padding-top:0px;padding-right:0px;padding-bottom:0px;padding-left:0px;margin-top:5px;margin-right:0px;margin-bottom:10px;margin-left:0px;}#kt-info-box_eb0a75-b3 .kt-blocks-info-box-text{color:var(--global-palette4, #2D3748);}#kt-info-box_eb0a75-b3 .kt-blocks-info-box-learnmore{background:transparent;border-color:#555555;border-width:0px 0px 0px 0px;padding:4px 8px 4px 8px;margin:10px 0px 10px 0px;}#kt-info-box_eb0a75-b3 .kt-blocks-info-box-link-wrap:hover .kt-blocks-info-box-learnmore{color:#ffffff;background:#444444;border-color:#444444;}<\/style>\r\n<div id=\"kt-info-box_eb0a75-b3\" class=\"wp-block-kadence-infobox\"><a class=\"kt-blocks-info-box-link-wrap info-box-link kt-blocks-info-box-media-align-left kt-info-halign-left kb-info-box-vertical-media-align-top\"><div class=\"kt-blocks-info-box-media-container\"><div class=\"kt-blocks-info-box-media kt-info-media-animate-none\"><div class=\"kadence-info-box-icon-container kt-info-icon-animate-none\"><div class=\"kadence-info-box-icon-inner-container\"><span style=\"display:block;justify-content:center;align-items:center\" class=\"kt-info-svg-icon kt-info-svg-icon-fas_gem\"><svg xmlns=\"http:\/\/www.w3.org\/2000\/svg\" height=\"24\" width=\"24\" fill=\"currentColor\"><path d=\"M19.95 21q-3.225 0-6.287-1.438-3.063-1.437-5.425-3.8-2.363-2.362-3.8-5.425Q3 7.275 3 4.05q0-.45.3-.75t.75-.3H8.1q.35 0 .625.225t.325.575l.65 3.5q.05.35-.012.637-.063.288-.288.513L7 10.9q1.05 1.8 2.625 3.375T13.1 17l2.35-2.35q.225-.225.588-.338.362-.112.712-.062l3.45.7q.35.075.575.337.225.263.225.613v4.05q0 .45-.3.75t-.75.3Z\"\/><\/svg><\/span><\/div><\/div><\/div><\/div><div class=\"kt-infobox-textcontent\"><h5 class=\"kt-blocks-info-box-title\">Call Us<\/h5><p class=\"kt-blocks-info-box-text\">+90 212 495 13 91<br\/>+90 532 412 63 13<\/p><\/div><\/a><\/div>\r\n<\/div><\/div>\r\n\r\n<\/div><\/div><\/div>\r\n\r\n<div class=\"wp-block-kadence-rowlayout alignnone\"><div id=\"kt-layout-id_97ab5f-af\" class=\"kt-row-layout-inner kt-layout-id_97ab5f-af\"><div class=\"kt-row-column-wrap kt-has-3-columns kt-gutter-narrow kt-v-gutter-default kt-row-valign-top kt-row-layout-equal kt-tab-layout-inherit kt-m-colapse-left-to-right kt-mobile-layout-row\">\r\n\r\n\r\n<div class=\"wp-block-kadence-column inner-column-3 kadence-column_d36427-25\"><div class=\"kt-inside-inner-col\"><style id=\"kb-infobox_c32844-7e\">#kt-info-box_c32844-7e .kt-blocks-info-box-link-wrap{border-radius:6px;background:var(--global-palette8, #F7FAFC);padding-top:24px;padding-right:24px;padding-bottom:24px;padding-left:24px;border-top-width:0px;border-right-width:0px;border-bottom-width:0px;border-left-width:0px;}#kt-info-box_c32844-7e .kt-blocks-info-box-link-wrap:hover{border-color:#eeeeee;background:var(--global-palette8, #F7FAFC);}#kt-info-box_c32844-7e .kt-info-svg-icon, #kt-info-box_c32844-7e .kt-info-svg-icon-flip, #kt-info-box_c32844-7e .kt-blocks-info-box-number{font-size:25px;}#kt-info-box_c32844-7e .kt-blocks-info-box-media{color:var(--global-palette9, #ffffff);background:var(--global-palette1, #3182CE);border-color:#444444;border-radius:200px;border-top-width:0px;border-right-width:0px;border-bottom-width:0px;border-left-width:0px;padding-top:10px;padding-right:14px;padding-bottom:10px;padding-left:14px;margin-top:0px;margin-right:20px;margin-bottom:0px;margin-left:0px;}#kt-info-box_c32844-7e .kt-blocks-info-box-media .kadence-info-box-image-intrisic:not(.kb-info-box-image-ratio) img{border-radius:200px;}#kt-info-box_c32844-7e .kt-blocks-info-box-link-wrap:hover .kt-blocks-info-box-media{color:var(--global-palette9, #ffffff);background:var(--global-palette1, #3182CE);border-color:#eeeeee;}#kt-info-box_c32844-7e .kt-blocks-info-box-title{color:var(--global-palette3, #1A202C);padding-top:0px;padding-right:0px;padding-bottom:0px;padding-left:0px;margin-top:5px;margin-right:0px;margin-bottom:10px;margin-left:0px;}#kt-info-box_c32844-7e .kt-blocks-info-box-text{color:var(--global-palette4, #2D3748);}#kt-info-box_c32844-7e .kt-blocks-info-box-learnmore{background:transparent;border-color:#555555;border-width:0px 0px 0px 0px;padding:4px 8px 4px 8px;margin:10px 0px 10px 0px;}#kt-info-box_c32844-7e .kt-blocks-info-box-link-wrap:hover .kt-blocks-info-box-learnmore{color:#ffffff;background:#444444;border-color:#444444;}<\/style>\r\n<div id=\"kt-info-box_c32844-7e\" class=\"wp-block-kadence-infobox\"><a class=\"kt-blocks-info-box-link-wrap info-box-link kt-blocks-info-box-media-align-left kt-info-halign-left kb-info-box-vertical-media-align-top\"><div class=\"kt-blocks-info-box-media-container\"><div class=\"kt-blocks-info-box-media kt-info-media-animate-none\"><div class=\"kadence-info-box-icon-container kt-info-icon-animate-none\"><div class=\"kadence-info-box-icon-inner-container\"><span style=\"display:block;justify-content:center;align-items:center\" class=\"kt-info-svg-icon kt-info-svg-icon-fas_flag\"><svg xmlns=\"http:\/\/www.w3.org\/2000\/svg\" height=\"24\" width=\"24\" fill=\"currentColor\"><path d=\"M12 12q.825 0 1.413-.588Q14 10.825 14 10t-.587-1.413Q12.825 8 12 8q-.825 0-1.412.587Q10 9.175 10 10q0 .825.588 1.412Q11.175 12 12 12Zm0 10q-4.025-3.425-6.012-6.363Q4 12.7 4 10.2q0-3.75 2.413-5.975Q8.825 2 12 2t5.587 2.225Q20 6.45 20 10.2q0 2.5-1.987 5.437Q16.025 18.575 12 22Z\"\/><\/svg><\/span><\/div><\/div><\/div><\/div><div class=\"kt-infobox-textcontent\"><h5 class=\"kt-blocks-info-box-title\">Address<\/h5>\r\n<p class=\"kt-blocks-info-box-text\"><h6>GES TARIM \u00dcR\u00dcNLER\u0130 GIDA SANAY\u0130 VE DI\u015e T\u0130CARET LTD. \u015eT\u0130<\/h6><\/p>\r\n<p class=\"kt-blocks-info-box-text\" style=\"margin-bottom: 8px\">ADRESS: Osmana\u011fa Mahleesi M\u00fccver \u00c7i\u00e7e\u011fi sokak Sefa i\u015f Merkezi No.:12\/68\r\nKADIK\u00d6Y \/ ISTANBUL TURKEY\r\n<\/p>\r\n<p class=\"kt-blocks-info-box-text\">OFFICE: Atakent Mahallesi Avrupa Konutlar 1  B4 D.12 Halkal\u0131 . K. \u00c7EKMECE \/ ISTANBUL \/ TURKEY<\/p>\r\n<\/div><\/a><\/div>\r\n<\/div><\/div>\r\n<\/div><\/div><\/div>\r\n\r\n<\/div><\/div>\r\n<\/div><\/div><\/div>\r\n\r\n\r\n\r\n<div style=\"-webkit-filter: grayscale(100%);filter: grayscale(100%); margin-bottom: -10px;\"><iframe src=\"https:\/\/www.google.com\/maps\/embed?pb=!1m18!1m12!1m3!1d3008.8030339389825!2d28.786861415719663!3d41.05143622471613!2m3!1f0!2f0!3f0!3m2!1i1024!2i768!4f13.1!3m3!1m2!1s0x14caa5c9e57b8767%3A0xf35d610e3514724!2zQXRha2VudCwgQXZydXBhIEtvbnV0bGFyxLEgTm86MSwgMzQyOTAgS8O8w6fDvGvDp2VrbWVjZS_EsHN0YW5idWw!5e0!3m2!1sen!2str!4v1679340057383!5m2!1sen!2str\" width=\"2400\" height=\"450\" style=\"border:0;\" allowfullscreen=\"\" loading=\"lazy\" referrerpolicy=\"no-referrer-when-downgrade\"><\/iframe><\/div>\r\n\r\n","protected":false},"excerpt":{"rendered":"<p>Contact Us You can reach us at the contact information below. Have a question? We would love to help!<\/p>\n","protected":false},"author":1,"featured_media":1408,"parent":0,"menu_order":0,"comment_status":"closed","ping_status":"closed","template":"","meta":{"_kad_post_transparent":"default","_kad_post_title":"hide","_kad_post_layout":"fullwidth","_kad_post_sidebar_id":"","_kad_post_content_style":"unboxed","_kad_post_vertical_padding":"hide","_kad_post_feature":"hide","_kad_post_feature_position":"","_kad_post_header":false,"_kad_post_footer":false},"_links":{"self":[{"href":"http:\/\/gestarim.com\/index.php\/wp-json\/wp\/v2\/pages\/1711"}],"collection":[{"href":"http:\/\/gestarim.com\/index.php\/wp-json\/wp\/v2\/pages"}],"about":[{"href":"http:\/\/gestarim.com\/index.php\/wp-json\/wp\/v2\/types\/page"}],"author":[{"embeddable":true,"href":"http:\/\/gestarim.com\/index.php\/wp-json\/wp\/v2\/users\/1"}],"replies":[{"embeddable":true,"href":"http:\/\/gestarim.com\/index.php\/wp-json\/wp\/v2\/comments?post=1711"}],"version-history":[{"count":34,"href":"http:\/\/gestarim.com\/index.php\/wp-json\/wp\/v2\/pages\/1711\/revisions"}],"predecessor-version":[{"id":1910,"href":"http:\/\/gestarim.com\/index.php\/wp-json\/wp\/v2\/pages\/1711\/revisions\/1910"}],"wp:featuredmedia":[{"embeddable":true,"href":"http:\/\/gestarim.com\/index.php\/wp-json\/wp\/v2\/media\/1408"}],"wp:attachment":[{"href":"http:\/\/gestarim.com\/index.php\/wp-json\/wp\/v2\/media?parent=1711"}],"curies":[{"name":"wp","href":"https:\/\/api.w.org\/{rel}","templated":true}]}}